{"id":7020,"date":"2020-11-18T15:37:41","date_gmt":"2020-11-18T15:37:41","guid":{"rendered":"http:\/\/welmat.ci\/?page_id=7020"},"modified":"2020-12-22T10:47:30","modified_gmt":"2020-12-22T10:47:30","slug":"presentation","status":"publish","type":"page","link":"https:\/\/welmat.ci\/?page_id=7020","title":{"rendered":"Pr\u00e9sentation"},"content":{"rendered":"<p>[vc_row full_width=&#8221;stretch_row&#8221;][vc_column width=&#8221;1\/2&#8243;][vc_custom_heading text=&#8221;WELMAT VOTRE R\u00c9F\u00c9RENCE&#8221; font_container=&#8221;tag:h4|text_align:center&#8221; use_theme_fonts=&#8221;yes&#8221;][vc_column_text]<span style=\"line-height: 35px;\">WELMAT est une entreprise de services sp\u00e9cialis\u00e9e depuis 2 ans, dans<br \/>\nl\u2019\u00e9quipement des entreprises et leur service apr\u00e8s-vente dans l\u2019esprit<br \/>\nde confiance, de performance et comp\u00e9tence.<\/span>[\/vc_column_text][stm_spacing lg_spacing=&#8221;90&#8243; md_spacing=&#8221;80&#8243; sm_spacing=&#8221;70&#8243; xs_spacing=&#8221;60&#8243;][\/vc_column][vc_column width=&#8221;1\/2&#8243;][stm_charts design=&#8221;bar&#8221; values=&#8221;%5B%7B%22title%22%3A%22Performance%22%2C%22y_values%22%3A%2210%3B%2015%3B%2020%3B%2025%3B%2027%3B%2025%3B%2023%3B%2025%22%2C%22color%22%3A%22%23fe0002%22%7D%2C%7B%22title%22%3A%22%20Comp%C3%A9tence%22%2C%22y_values%22%3A%2225%3B%2018%3B%2016%3B%2017%3B%2020%3B%2025%3B%2030%3B%2035%22%2C%22color%22%3A%22%232c5ff9%22%7D%5D&#8221;][stm_spacing lg_spacing=&#8221;90&#8243; md_spacing=&#8221;80&#8243; sm_spacing=&#8221;70&#8243; xs_spacing=&#8221;0&#8243;][\/vc_column][\/vc_row][vc_row full_width=&#8221;stretch_row&#8221; css=&#8221;.vc_custom_1608122863555{background-color: #d6e4f9 !important;}&#8221;][vc_column][vc_column_text]<\/p>\n<h4 style=\"text-align: center;\">A ce titre, nous proposons aux entreprises ainsi que les administrations<br \/>\npubliques des solutions informatiques int\u00e9gr\u00e9es qui recouvrent<\/h4>\n<p>[\/vc_column_text][stm_spacing lg_spacing=&#8221;20&#8243; md_spacing=&#8221;15&#8243; sm_spacing=&#8221;10&#8243; xs_spacing=&#8221;10&#8243;][vc_row_inner][vc_column_inner width=&#8221;1\/3&#8243;][stm_icon_box icon=&#8221;fas fa-laptop&#8221; style=&#8221;icon_left&#8221; icon_size=&#8221;21&#8243; icon_color=&#8221;custom&#8221; icon_bg_color=&#8221;custom&#8221; title=&#8221;Equipement Technologique&#8221; icon_color_custom=&#8221;#ffffff&#8221; icon_bg_color_custom=&#8221;#fe0002&#8243;][\/stm_icon_box][\/vc_column_inner][vc_column_inner width=&#8221;1\/3&#8243;][stm_icon_box icon=&#8221;fas fa-microchip&#8221; style=&#8221;icon_left&#8221; icon_size=&#8221;21&#8243; icon_color=&#8221;custom&#8221; icon_bg_color=&#8221;custom&#8221; title=&#8221;Apport de Logiciels&#8221; icon_color_custom=&#8221;#ffffff&#8221; icon_bg_color_custom=&#8221;#fe0002&#8243;][\/stm_icon_box][\/vc_column_inner][vc_column_inner width=&#8221;1\/3&#8243;][stm_icon_box icon=&#8221;fas fa-laptop-code&#8221; style=&#8221;icon_left&#8221; icon_size=&#8221;21&#8243; icon_color=&#8221;custom&#8221; icon_bg_color=&#8221;custom&#8221; title=&#8221;Apport de Progiciels&#8221; icon_color_custom=&#8221;#ffffff&#8221; icon_bg_color_custom=&#8221;#fe0002&#8243;][\/stm_icon_box][\/vc_column_inner][\/vc_row_inner][stm_spacing lg_spacing=&#8221;20&#8243; md_spacing=&#8221;15&#8243; sm_spacing=&#8221;10&#8243; xs_spacing=&#8221;10&#8243;][stm_spacing lg_spacing=&#8221;20&#8243; md_spacing=&#8221;15&#8243; sm_spacing=&#8221;10&#8243; xs_spacing=&#8221;10&#8243;][vc_row_inner][vc_column_inner width=&#8221;1\/3&#8243;][stm_icon_box icon=&#8221;fas fa-chalkboard-teacher&#8221; style=&#8221;icon_left&#8221; icon_size=&#8221;21&#8243; icon_color=&#8221;custom&#8221; icon_bg_color=&#8221;custom&#8221; title=&#8221;Formation&#8221; icon_color_custom=&#8221;#ffffff&#8221; icon_bg_color_custom=&#8221;#fe0002&#8243;][\/stm_icon_box][\/vc_column_inner][vc_column_inner width=&#8221;1\/3&#8243;][stm_icon_box icon=&#8221;far fa-handshake&#8221; style=&#8221;icon_left&#8221; icon_size=&#8221;21&#8243; icon_color=&#8221;custom&#8221; icon_bg_color=&#8221;custom&#8221; title=&#8221;Assistance&#8221; icon_color_custom=&#8221;#ffffff&#8221; icon_bg_color_custom=&#8221;#fe0002&#8243;][\/stm_icon_box][\/vc_column_inner][vc_column_inner width=&#8221;1\/3&#8243;][stm_icon_box icon=&#8221;fas fa-user-lock&#8221; style=&#8221;icon_left&#8221; icon_size=&#8221;21&#8243; icon_color=&#8221;custom&#8221; icon_bg_color=&#8221;custom&#8221; title=&#8221;Maintenance des produits&#8221; icon_color_custom=&#8221;#ffffff&#8221; icon_bg_color_custom=&#8221;#fe0002&#8243;][\/stm_icon_box][\/vc_column_inner][\/vc_row_inner][stm_spacing lg_spacing=&#8221;20&#8243; md_spacing=&#8221;15&#8243; sm_spacing=&#8221;10&#8243; xs_spacing=&#8221;10&#8243;][\/vc_column][\/vc_row][vc_row full_width=&#8221;stretch_row&#8221;][vc_column offset=&#8221;vc_col-lg-6 vc_col-md-12&#8243;][stm_spacing lg_spacing=&#8221;60&#8243;][vc_column_text]<\/p>\n<p style=\"text-align: left;\">Nos progiciels sont install\u00e9s sur un ou plusieurs serveurs centraux multipostes prennent en compte les configurations d\u2019entreprises disposant de plusieurs sites ou \/ et de multiples soci\u00e9t\u00e9s. Le tout fonctionne, en temps r\u00e9el, en r\u00e9seaux \u00e9tendus et s\u00e9curis\u00e9s via internet VPN (r\u00e9seau priv\u00e9 virtuel).<\/p>\n<p>[\/vc_column_text][stm_spacing lg_spacing=&#8221;60&#8243;][\/vc_column][vc_column width=&#8221;1\/3&#8243; offset=&#8221;vc_col-lg-2 vc_col-md-4&#8243;][stm_spacing lg_spacing=&#8221;50&#8243;][vc_pie value=&#8221;100&#8243; label_value=&#8221;100&#8243; color=&#8221;custom&#8221; title=&#8221;Configuration&#8221; units=&#8221;%&#8221; custom_color=&#8221;#2c5ff9&#8243;][\/vc_column][vc_column width=&#8221;1\/3&#8243; offset=&#8221;vc_col-lg-2 vc_col-md-4&#8243;][stm_spacing lg_spacing=&#8221;50&#8243;][vc_pie value=&#8221;100&#8243; label_value=&#8221;100&#8243; color=&#8221;custom&#8221; title=&#8221;Fonctionnement en temps r\u00e9el&#8221; units=&#8221;%&#8221; custom_color=&#8221;#2c5ff9&#8243;][\/vc_column][vc_column width=&#8221;1\/3&#8243; offset=&#8221;vc_col-lg-2 vc_col-md-4&#8243;][stm_spacing lg_spacing=&#8221;50&#8243;][vc_pie value=&#8221;100&#8243; label_value=&#8221;100&#8243; color=&#8221;custom&#8221; title=&#8221;S\u00e9curit\u00e9 via VPN&#8221; units=&#8221;%&#8221; custom_color=&#8221;#2c5ff9&#8243;][\/vc_column][\/vc_row]<\/p>\n","protected":false},"excerpt":{"rendered":"<p>[vc_row full_width=&#8221;stretch_row&#8221;][vc_column width=&#8221;1\/2&#8243;][vc_custom_heading text=&#8221;WELMAT VOTRE R\u00c9F\u00c9RENCE&#8221; font_container=&#8221;tag:h4|text_align:center&#8221; use_theme_fonts=&#8221;yes&#8221;][vc_column_text]WELMAT est une entreprise de services sp\u00e9cialis\u00e9e depuis 2 ans, dans l\u2019\u00e9quipement des entreprises et leur service apr\u00e8s-vente dans l\u2019esprit de confiance, de performance et comp\u00e9tence.[\/vc_column_text][stm_spacing lg_spacing=&#8221;90&#8243; md_spacing=&#8221;80&#8243; sm_spacing=&#8221;70&#8243; xs_spacing=&#8221;60&#8243;][\/vc_column][vc_column width=&#8221;1\/2&#8243;][stm_charts design=&#8221;bar&#8221; values=&#8221;%5B%7B%22title%22%3A%22Performance%22%2C%22y_values%22%3A%2210%3B%2015%3B%2020%3B%2025%3B%2027%3B%2025%3B%2023%3B%2025%22%2C%22color%22%3A%22%23fe0002%22%7D%2C%7B%22title%22%3A%22%20Comp%C3%A9tence%22%2C%22y_values%22%3A%2225%3B%2018%3B%2016%3B%2017%3B%2020%3B%2025%3B%2030%3B%2035%22%2C%22color%22%3A%22%232c5ff9%22%7D%5D&#8221;][stm_spacing lg_spacing=&#8221;90&#8243; md_spacing=&#8221;80&#8243; sm_spacing=&#8221;70&#8243; xs_spacing=&#8221;0&#8243;][\/vc_column][\/vc_row][vc_row full_width=&#8221;stretch_row&#8221; css=&#8221;.vc_custom_1608122863555{background-color: #d6e4f9 !important;}&#8221;][vc_column][vc_column_text] A ce titre, nous proposons aux entreprises<\/p>\n","protected":false},"author":1,"featured_media":0,"parent":0,"menu_order":0,"comment_status":"closed","ping_status":"closed","template":"","meta":{"footnotes":""},"class_list":["post-7020","page","type-page","status-publish","hentry"],"_links":{"self":[{"href":"https:\/\/welmat.ci\/index.php?rest_route=\/wp\/v2\/pages\/7020"}],"collection":[{"href":"https:\/\/welmat.ci\/index.php?rest_route=\/wp\/v2\/pages"}],"about":[{"href":"https:\/\/welmat.ci\/index.php?rest_route=\/wp\/v2\/types\/page"}],"author":[{"embeddable":true,"href":"https:\/\/welmat.ci\/index.php?rest_route=\/wp\/v2\/users\/1"}],"replies":[{"embeddable":true,"href":"https:\/\/welmat.ci\/index.php?rest_route=%2Fwp%2Fv2%2Fcomments&post=7020"}],"version-history":[{"count":16,"href":"https:\/\/welmat.ci\/index.php?rest_route=\/wp\/v2\/pages\/7020\/revisions"}],"predecessor-version":[{"id":7209,"href":"https:\/\/welmat.ci\/index.php?rest_route=\/wp\/v2\/pages\/7020\/revisions\/7209"}],"wp:attachment":[{"href":"https:\/\/welmat.ci\/index.php?rest_route=%2Fwp%2Fv2%2Fmedia&parent=7020"}],"curies":[{"name":"wp","href":"https:\/\/api.w.org\/{rel}","templated":true}]}}