{"id":1162,"date":"2020-11-06T17:19:06","date_gmt":"2020-11-06T17:19:06","guid":{"rendered":"http:\/\/welmat.ci\/?post_type=product&#038;p=1162"},"modified":"2020-12-24T13:09:32","modified_gmt":"2020-12-24T13:09:32","slug":"portable-hp-15-2","status":"publish","type":"product","link":"https:\/\/welmat.ci\/?product=portable-hp-15-2","title":{"rendered":"PORTABLE HP 15"},"content":{"rendered":"<p>[vc_row][vc_column][vc_column_text]Le HP Laptop 15 subit des tests rigoureux afin de vous aider \u00e0 vous assurer qu&#8217;il respecte les normes les plus \u00e9lev\u00e9es pour la fiabilit\u00e9 et la durabilit\u00e9 globale. Utilisez le clavier num\u00e9rique pour parcourir les finances en ligne. Affichez tous les \u00e9l\u00e9ments des sites Internet aux chats Skype avec une remarquable clart\u00e9 sur un \u00e9cran HD de 15,6 pouces de diagonale.<\/p>\n<p>PRINCIPALES CARACT\u00c9RISTIQUES<br \/>\nType de produit : Ordinateur Portable<br \/>\nMod\u00e8le : 15-db0007nk<br \/>\nMicroprocesseur : Processeur Dual-Core AMD A4-9125 (2,3 GHz de fr\u00e9quence de base, jusqu&#8217;\u00e0 2,6 GHz de fr\u00e9quence de rafale, 1 Mo de m\u00e9moire cache)<br \/>\nM\u00e9moire, standard : 4 Go de m\u00e9moire SDRAM DDR4-1866 (1 x 4 Go)<br \/>\nCarte graphique : Carte graphique AMD Radeon\u2122 R3<br \/>\nDisque dur : SATA 500 Go, 5400 tr\/min<br \/>\nLecteur optique : Lecteur optique non fourni<br \/>\n\u00c9cran : Ecran HD SVA BrightView micro-bords \u00e0 r\u00e9tro\u00e9clairage WLED de 39,6 cm (15,6&#8243;) de diagonale (1 366 x 768)<br \/>\nConnectivit\u00e9 sans fil : Carte Realtek RTL8723DE 802.11b\/g\/n (1 x 1) et Bluetooth\u00ae 4.0<br \/>\nInterface r\u00e9seau : LAN GbE 10\/100\/1000 int\u00e9gr\u00e9<br \/>\nConnecteurs d&#8217;extension<br \/>\n1 lecteur de cartes multim\u00e9dias SD multiformat<br \/>\nPorts externes<br \/>\n2 ports USB 3.1 Gen 1 (transfert de donn\u00e9es uniquement); 1 port USB 2.0 ; 1 port HDMI 1.4b; 1 port RJ-45 ; 1 prise combin\u00e9e casque\/microphone<br \/>\nDimensions minimales (L x P x H) : 37,6 x 24,6 x 2,25 cm<br \/>\nPoids : 1,77 kg<br \/>\nType de source d&#8217;alimentation : Adaptateur secteur intelligent 45 W<br \/>\nD\u00e9tail sur le type de batterie : Li-ion 3 cellules 41 Wh<br \/>\nAutonomie de la batterie en usage mixte : Jusqu&#8217;\u00e0 10 heures et 15 minutes<br \/>\nAutonomie de la batterie avec lecture vid\u00e9o : Jusqu\u2019\u00e0 7 heures et 30 minutes<br \/>\nWebcam : Webcam HP avec microphone num\u00e9rique int\u00e9gr\u00e9<br \/>\nFonctions audio : Doubles haut-parleurs<br \/>\nSyst\u00e8me d\u2019exploitation : Windows 10[\/vc_column_text][\/vc_column][\/vc_row]<\/p>\n","protected":false},"excerpt":{"rendered":"<p>L&#8217;ordinateur HP 15 est un ordinateur portable test\u00e9 et v\u00e9ritable. Un PC totalement fiable, parfaitement test\u00e9 parfait pour l&#8217;informatique quotidienne<\/p>\n","protected":false},"featured_media":1165,"comment_status":"open","ping_status":"closed","template":"","meta":[],"class_list":{"0":"post-1162","1":"product","2":"type-product","3":"status-publish","4":"has-post-thumbnail","6":"product_cat-informatique","7":"product_cat-ordinateurs","8":"product_cat-pc","10":"first","11":"instock","12":"shipping-taxable","13":"purchasable","14":"product-type-simple"},"_links":{"self":[{"href":"https:\/\/welmat.ci\/index.php?rest_route=\/wp\/v2\/product\/1162"}],"collection":[{"href":"https:\/\/welmat.ci\/index.php?rest_route=\/wp\/v2\/product"}],"about":[{"href":"https:\/\/welmat.ci\/index.php?rest_route=\/wp\/v2\/types\/product"}],"replies":[{"embeddable":true,"href":"https:\/\/welmat.ci\/index.php?rest_route=%2Fwp%2Fv2%2Fcomments&post=1162"}],"wp:featuredmedia":[{"embeddable":true,"href":"https:\/\/welmat.ci\/index.php?rest_route=\/wp\/v2\/media\/1165"}],"wp:attachment":[{"href":"https:\/\/welmat.ci\/index.php?rest_route=%2Fwp%2Fv2%2Fmedia&parent=1162"}],"curies":[{"name":"wp","href":"https:\/\/api.w.org\/{rel}","templated":true}]}}