{"id":1173,"date":"2020-11-06T17:36:30","date_gmt":"2020-11-06T17:36:30","guid":{"rendered":"http:\/\/welmat.ci\/?post_type=product&#038;p=1173"},"modified":"2020-12-28T14:29:58","modified_gmt":"2020-12-28T14:29:58","slug":"hp-probook-430-g6","status":"publish","type":"product","link":"https:\/\/welmat.ci\/?product=hp-probook-430-g6","title":{"rendered":"PROBOOK 430 G6"},"content":{"rendered":"<p>[vc_row][vc_column][vc_column_text]D&#8217;un excellent rapport qualit\u00e9\/prix, le HP ProBook 430 G6 (5TJ81ET) est parfait pour tous les besoins professionnels du quotidien. Gr\u00e2ce \u00e0 son processeur Intel Core i5-8265U, ses 8 Go de m\u00e9moire DDR4 et son SSD M.2 PCIe de 256 Go, il offre de hautes performances et un fonctionnement rapide.<\/p>\n<p><img loading=\"lazy\" decoding=\"async\" class=\"alignnone size-full wp-image-1171\" src=\"http:\/\/welmat.ci\/wp-content\/uploads\/2020\/11\/PORTABLE-PROBOOK430-copie.png\" alt=\"\" width=\"263\" height=\"192\" srcset=\"https:\/\/welmat.ci\/wp-content\/uploads\/2020\/11\/PORTABLE-PROBOOK430-copie.png 263w, https:\/\/welmat.ci\/wp-content\/uploads\/2020\/11\/PORTABLE-PROBOOK430-copie-200x146.png 200w\" sizes=\"(max-width: 263px) 100vw, 263px\" \/><\/p>\n<p>CON\u00c7U POUR LA MOBILIT\u00c9<\/p>\n<p>Le PC portable HP ProBook 430 G6 est id\u00e9al pour les d\u00e9placements fr\u00e9quents. Fin et l\u00e9ger, il est facile \u00e0 transporter. Son \u00e9cran de 14 pouces est id\u00e9al pour les d\u00e9placements r\u00e9guliers. A la fois robuste et \u00e9l\u00e9gant, cet ordinateur portable HP b\u00e9n\u00e9ficie notamment d&#8217;une surface en aluminium renforc\u00e9.<\/p>\n<p>Mod\u00e8le : HP ProBook 430 G6<br \/>\n\u00c9cran : 14 Pouces<br \/>\nR\u00e9solution :<br \/>\nTechnologie d&#8217;affichage : Ecran HD LED<br \/>\nM\u00e9moire RAM : 4 Go<br \/>\nDisque dur : 500 Go<br \/>\nProcesseur : Intel Core i5<br \/>\nLecteur DVD :<br \/>\nSyst\u00e8me d&#8217;exploitation : FreedOS<br \/>\nClavier : AZERTY Fran\u00e7ais<br \/>\nDimensions : 38.20 x 26.30 x 2.44 Cm<br \/>\nPoids : 2.4 Kg[\/vc_column_text][\/vc_column][\/vc_row]<\/p>\n","protected":false},"excerpt":{"rendered":"<p>L&#8217;ordinateur portable HP 430 G6 est id\u00e9al pour les professionnels souvent en d\u00e9placement. Ce PC portable HP de 14 pouces est con\u00e7u pour offrir d&#8217;excellentes performances, optimiser votre productivit\u00e9 et faciliter la mobilit\u00e9.<\/p>\n","protected":false},"featured_media":1170,"comment_status":"open","ping_status":"closed","template":"","meta":[],"class_list":{"0":"post-1173","1":"product","2":"type-product","3":"status-publish","4":"has-post-thumbnail","6":"product_cat-informatique","7":"product_cat-ordinateurs","8":"product_cat-pc","10":"first","11":"instock","12":"shipping-taxable","13":"purchasable","14":"product-type-simple"},"_links":{"self":[{"href":"https:\/\/welmat.ci\/index.php?rest_route=\/wp\/v2\/product\/1173"}],"collection":[{"href":"https:\/\/welmat.ci\/index.php?rest_route=\/wp\/v2\/product"}],"about":[{"href":"https:\/\/welmat.ci\/index.php?rest_route=\/wp\/v2\/types\/product"}],"replies":[{"embeddable":true,"href":"https:\/\/welmat.ci\/index.php?rest_route=%2Fwp%2Fv2%2Fcomments&post=1173"}],"wp:featuredmedia":[{"embeddable":true,"href":"https:\/\/welmat.ci\/index.php?rest_route=\/wp\/v2\/media\/1170"}],"wp:attachment":[{"href":"https:\/\/welmat.ci\/index.php?rest_route=%2Fwp%2Fv2%2Fmedia&parent=1173"}],"curies":[{"name":"wp","href":"https:\/\/api.w.org\/{rel}","templated":true}]}}