{"id":7346,"date":"2020-12-24T10:32:08","date_gmt":"2020-12-24T10:32:08","guid":{"rendered":"http:\/\/welmat.ci\/?post_type=product&#038;p=7346"},"modified":"2020-12-24T10:33:21","modified_gmt":"2020-12-24T10:33:21","slug":"hp-932-xl-magenta","status":"publish","type":"product","link":"https:\/\/welmat.ci\/?product=hp-932-xl-magenta","title":{"rendered":"HP 932 XL MAGENTA"},"content":{"rendered":"<p>[vc_row][vc_column][vc_column_text]<strong>Avec la Cartouche d&#8217;Encre HP 932 Noire Authentique (CN057AE) pour HP OfficeJet 6100 \/ 6600 \/ 6700 \/ 7110 \/ 7510 \/ 7610 \/7612, vous pouvez compter sur la fiabilit\u00e9 et la pr\u00e9cision HP.<\/strong><\/p>\n<p><strong>Faites durer vos documents dans une condition parfaite.<\/strong><\/p>\n<p>Votre entreprise m\u00e9rite une qualit\u00e9 d\u2019impression sup\u00e9rieure. La cartouche HP 932 est con\u00e7ue pour d\u00e9livrer des noirs profonds et des textes nets, de la premi\u00e8re \u00e0 la derni\u00e8re goute d\u2019encre. Pour encore plus d\u2019\u00e9conomies, achetez les cartouches HP 932XL grandes capacit\u00e9s.<\/p>\n<p>Pour avoir l\u2019assurance d\u2019une qualit\u00e9 absolue, utilisez les papiers HP.<\/p>\n<p><strong>L\u2019union fait la force, pour la sant\u00e9 de votre imprimante.<\/strong><\/p>\n<p>L\u2019encre HP 932 Authentique n\u2019endommagera jamais votre imprimante HP OfficeJet Pro, vous \u00e9vitant de perdre un temps pr\u00e9cieux en r\u00e9paration.<\/p>\n<p><strong>Faites le choix de l\u2019environnement.<\/strong><\/p>\n<p>Le recyclage des cartouches HP est aussi facile \u00e0 r\u00e9aliser qu\u2019une impression. Retournez vos cartouches d\u2019encre HP 932 vides gratuitement pour qu\u2019elles soient recycl\u00e9es et produisent de nouvelles cartouches. Pour recevoir votre enveloppe de retour, visitez le site HP Planet Partners.<\/p>\n<p><strong>Air int\u00e9rieur prot\u00e9g\u00e9.<\/strong><\/p>\n<p>Les encres con\u00e7ues par HP sont \u00e0 base d&#8217;eau pour une impression sans odeur et \u00e0 faible \u00e9mission, pour une meilleure qualit\u00e9 de l&#8217;air int\u00e9rieur (norme Blue Angel DE-UZ 205 sec. 3.3).<\/p>\n<p><strong>Faites le choix de la tranquillit\u00e9 avec Instant Ink : vos cartouches HP livr\u00e9es chez vous avant d\u2019en manquer.<\/strong><\/p>\n<p>Plus besoin de vous soucier des niveaux d\u2019encre. Votre imprimante se charge de commander vos cartouches HP au fur et \u00e0 mesure de vos besoins.\u00a0<strong>En moyenne, vous \u00e9conomisez en vous abonnant jusqu\u2019\u00e0 50% sur le prix des cartouches.<\/strong>\u00a0Pour en savoir plus, visitez le site HP Instant Ink.<\/p>\n<p>&nbsp;<\/p>\n<p><strong>Imprimantes compatibles :<\/strong><\/p>\n<p>HP OfficeJet : 6100 \/ 6600 \/ 6700 \/ 7110 \/ 7510 \/ 7610 \/7612<\/p>\n<h3><\/h3>\n<p>&nbsp;<\/p>\n<ul>\n<li>Standard<\/li>\n<li>Impression ordinaire fiable et \u00e9conomique.<\/li>\n<li>Exprimez-vous avec l&#8217;encre et le papier HP d&#8217;origine.<\/li>\n<\/ul>\n<p>[\/vc_column_text][\/vc_column][\/vc_row]<\/p>\n","protected":false},"excerpt":{"rendered":"<h1 class=\"-fs20 -pts -pbxs\">Hp Cartouche D&#8217;encre &#8211; 932XL<\/h1>\n","protected":false},"featured_media":7345,"comment_status":"open","ping_status":"closed","template":"","meta":[],"class_list":{"0":"post-7346","1":"product","2":"type-product","3":"status-publish","4":"has-post-thumbnail","6":"product_cat-cartouches","7":"product_cat-hp","8":"product_cat-informatique","10":"first","11":"instock","12":"shipping-taxable","13":"purchasable","14":"product-type-simple"},"_links":{"self":[{"href":"https:\/\/welmat.ci\/index.php?rest_route=\/wp\/v2\/product\/7346"}],"collection":[{"href":"https:\/\/welmat.ci\/index.php?rest_route=\/wp\/v2\/product"}],"about":[{"href":"https:\/\/welmat.ci\/index.php?rest_route=\/wp\/v2\/types\/product"}],"replies":[{"embeddable":true,"href":"https:\/\/welmat.ci\/index.php?rest_route=%2Fwp%2Fv2%2Fcomments&post=7346"}],"wp:featuredmedia":[{"embeddable":true,"href":"https:\/\/welmat.ci\/index.php?rest_route=\/wp\/v2\/media\/7345"}],"wp:attachment":[{"href":"https:\/\/welmat.ci\/index.php?rest_route=%2Fwp%2Fv2%2Fmedia&parent=7346"}],"curies":[{"name":"wp","href":"https:\/\/api.w.org\/{rel}","templated":true}]}}