{"id":7355,"date":"2020-12-24T10:51:52","date_gmt":"2020-12-24T10:51:52","guid":{"rendered":"http:\/\/welmat.ci\/?post_type=product&#038;p=7355"},"modified":"2023-03-30T14:48:13","modified_gmt":"2023-03-30T14:48:13","slug":"hp-toner-17a","status":"publish","type":"product","link":"https:\/\/welmat.ci\/?product=hp-toner-17a","title":{"rendered":"HP TONER 17A"},"content":{"rendered":"<p>[vc_row][vc_column][vc_column_text]<\/p>\n<hr class=\"bucketDivider\" noshade=\"noshade\" size=\"1\" \/>\n<h2>Description du fabricant<\/h2>\n<div class=\"aplus-v2 desktop celwidget\" data-csa-c-id=\"funvh0-7nd3ok-8wx1xh-dza38u\" data-cel-widget=\"aplus\">\n<div class=\"celwidget aplus-module 3p-module-b aplus-standard\" data-csa-c-id=\"r4gsl4-oav761-8089ey-n667n7\" data-cel-widget=\"aplus-3p-module-b\">\n<div class=\"aplus-module-wrapper aplus-3p-fixed-width\"><img decoding=\"async\" class=\"a-spacing-base\" src=\"https:\/\/m.media-amazon.com\/images\/S\/aplus-media\/vc\/f3953766-9693-434a-bde0-1241cd917c3e.__CR0,0,970,600_PT0_SX970_V1___.jpg\" alt=\"Original HP Toner\" data-src=\"https:\/\/m.media-amazon.com\/images\/S\/aplus-media\/vc\/f3953766-9693-434a-bde0-1241cd917c3e.__CR0,0,970,600_PT0_SX970_V1___.jpg\" \/><\/div>\n<\/div>\n<div class=\"celwidget aplus-module module-4 aplus-standard\" data-csa-c-id=\"mtlcge-cjodos-2kc6qd-ea36ls\" data-cel-widget=\"aplus-module-4\">\n<div class=\"a-expander-collapsed-height a-row a-expander-container a-expander-partial-collapse-container\" aria-live=\"polite\" data-a-expander-name=\"aplus-module-expander\" data-a-expander-collapsed-height=\"700\">\n<div class=\"a-expander-content a-expander-partial-collapse-content\" aria-expanded=\"false\">\n<div class=\"aplus-module-wrapper apm-fixed-width\">\n<div class=\"apm-spacing\">\n<div class=\"apm-floatleft apm-fixed-width\">\n<div class=\"apm-spacing\">\n<table class=\"apm-fixed-width apm-fourthcol-table\">\n<tbody>\n<tr>\n<th class=\"apm-center\">\n<div class=\"apm-fourthcol\">\n<p><img decoding=\"async\" class=\"\" src=\"https:\/\/m.media-amazon.com\/images\/S\/aplus-media\/vc\/74ec3f0b-5651-4253-b3e5-3017dc9829bb.__CR0,12,575,575_PT0_SX220_V1___.jpg\" alt=\"Reliability\" data-src=\"https:\/\/m.media-amazon.com\/images\/S\/aplus-media\/vc\/74ec3f0b-5651-4253-b3e5-3017dc9829bb.__CR0,12,575,575_PT0_SX220_V1___.jpg\" \/><\/p>\n<\/div>\n<\/th>\n<th class=\"apm-center\">\n<div class=\"apm-fourthcol\">\n<p><img decoding=\"async\" class=\"\" src=\"https:\/\/m.media-amazon.com\/images\/S\/aplus-media\/vc\/e5733158-a525-47a7-83e0-b8167859d05b.__CR0,12,575,575_PT0_SX220_V1___.jpg\" alt=\"Sustainability\" data-src=\"https:\/\/m.media-amazon.com\/images\/S\/aplus-media\/vc\/e5733158-a525-47a7-83e0-b8167859d05b.__CR0,12,575,575_PT0_SX220_V1___.jpg\" \/><\/p>\n<\/div>\n<\/th>\n<th class=\"apm-center\">\n<div class=\"apm-fourthcol\">\n<p><img decoding=\"async\" class=\"\" src=\"https:\/\/m.media-amazon.com\/images\/S\/aplus-media\/vc\/4f4a99ef-082b-475b-8c00-64609405391c.__CR0,11,577,577_PT0_SX220_V1___.jpg\" alt=\"Print Quality\" data-src=\"https:\/\/m.media-amazon.com\/images\/S\/aplus-media\/vc\/4f4a99ef-082b-475b-8c00-64609405391c.__CR0,11,577,577_PT0_SX220_V1___.jpg\" \/><\/p>\n<\/div>\n<\/th>\n<th class=\"apm-center\">\n<div class=\"apm-fourthcol\">\n<p><img decoding=\"async\" class=\"\" src=\"https:\/\/m.media-amazon.com\/images\/S\/aplus-media\/vc\/62a822f3-dddc-40b9-aa47-06aa0773fcd4.__CR0,12,577,577_PT0_SX220_V1___.jpg\" alt=\"Safety\" data-src=\"https:\/\/m.media-amazon.com\/images\/S\/aplus-media\/vc\/62a822f3-dddc-40b9-aa47-06aa0773fcd4.__CR0,12,577,577_PT0_SX220_V1___.jpg\" \/><\/p>\n<\/div>\n<\/th>\n<\/tr>\n<tr>\n<td class=\"apm-top\">\n<div class=\"apm-fourthcol\">\n<h4 class=\"a-spacing-mini\">Une r\u00e9elle performance repose sur une fiabilit\u00e9 exceptionnelle<\/h4>\n<p class=\"a-size-small\">Vous pouvez vous concentrer pleinement sur votre travail et nous vous garantissons une impression impeccable.<\/p>\n<p class=\"a-size-small\">B\u00e9n\u00e9ficiez d&#8217;une fiabilit\u00e9 exceptionnelle pour des impressions fluides gr\u00e2ce au toner HP authentique.\u00b3<\/p>\n<\/div>\n<\/td>\n<td class=\"apm-top\">\n<div class=\"apm-fourthcol\">\n<h4 class=\"a-spacing-mini\">Une r\u00e9elle performance pour une r\u00e9duction de l&#8217;empreinte \u00e9cologique<\/h4>\n<p class=\"a-size-small\">L&#8217;impression avec le toner HP authentique vous permet de r\u00e9duire votre empreinte \u00e9cologique &#8211; gr\u00e2ce \u00e0 moins de r\u00e9impressions et de d\u00e9chets.\u00b9 \u00b2<\/p>\n<p class=\"a-size-small\">Avec le toner HP authentique, b\u00e9n\u00e9ficiez d&#8217;une v\u00e9ritable durabilit\u00e9 et d&#8217;une impression respectueuse de l&#8217;environnement.<\/p>\n<\/div>\n<\/td>\n<td class=\"apm-top\">\n<div class=\"apm-fourthcol\">\n<h4 class=\"a-spacing-mini\">Une r\u00e9elle performance offre une qualit\u00e9 exceptionnelle<\/h4>\n<p class=\"a-size-small\">M\u00eame le meilleur concept a besoin d&#8217;une belle sc\u00e8ne pour rayonner.<\/p>\n<p class=\"a-size-small\">Avec le toner HP authentique, obtenez une impression de qualit\u00e9 sup\u00e9rieure, des couleurs \u00e9clatantes et un texte clair.<\/p>\n<\/div>\n<\/td>\n<td class=\"apm-top\">\n<div class=\"apm-fourthcol\">\n<h4 class=\"a-spacing-mini\">Une r\u00e9elle performance assure votre tranquillit\u00e9 d&#8217;esprit<\/h4>\n<p class=\"a-size-small\">L&#8217;utilisation de la cartouche appropri\u00e9e est un \u00e9l\u00e9ment important d&#8217;un environnement de travail s\u00fbr et durable.<\/p>\n<p class=\"a-size-small\">Avec le toner HP authentique, vous disposez de normes \u00e9cologiques et s\u00e9curitaires strictes qui vous permettent de profiter d&#8217;une impression paisible.\u2074<\/p>\n<\/div>\n<\/td>\n<\/tr>\n<\/tbody>\n<\/table>\n<\/div>\n<\/div>\n<\/div>\n<\/div>\n<div><\/div>\n<\/div>\n<\/div>\n<\/div>\n<div class=\"celwidget aplus-module 3p-module-b aplus-standard\" data-csa-c-id=\"7wxyf6-xj41b6-mcf04r-p3ckbo\" data-cel-widget=\"aplus-3p-module-b\">\n<div class=\"aplus-module-wrapper aplus-3p-fixed-width\"><img decoding=\"async\" class=\"a-spacing-base\" src=\"https:\/\/m.media-amazon.com\/images\/S\/aplus-media\/vc\/ba1b1f6e-c50c-4ebd-b6b2-4371a85451dd.__CR0,0,970,600_PT0_SX970_V1___.jpg\" alt=\"Infographic\" data-src=\"https:\/\/m.media-amazon.com\/images\/S\/aplus-media\/vc\/ba1b1f6e-c50c-4ebd-b6b2-4371a85451dd.__CR0,0,970,600_PT0_SX970_V1___.jpg\" \/><\/div>\n<\/div>\n<div class=\"celwidget aplus-module module-6 aplus-standard\" data-csa-c-id=\"w7pkc9-dq88yq-sxyw13-en5icl\" data-cel-widget=\"aplus-module-6\">\n<div class=\"aplus-module-wrapper apm-fixed-width\">\n<div id=\"aplus-module-6-3\" class=\"aplus-module-content\">\n<div class=\"apm-hovermodule\">\n<div>\n<div class=\"apm-hovermodule-slides\">\n<div class=\"apm-hovermodule-image\"><img decoding=\"async\" class=\"a-spacing-mini\" src=\"https:\/\/m.media-amazon.com\/images\/S\/aplus-media\/vc\/08bfa6b6-8281-4adb-9b24-0f93bae8c931.__CR75,0,450,450_PT0_SX300_V1___.jpg\" alt=\"HP Paper\" data-src=\"https:\/\/m.media-amazon.com\/images\/S\/aplus-media\/vc\/08bfa6b6-8281-4adb-9b24-0f93bae8c931.__CR75,0,450,450_PT0_SX300_V1___.jpg\" \/><\/div>\n<div class=\"apm-hovermodule-slides-inner\">\n<h3 class=\"a-spacing-mini\">Papier HP.<\/h3>\n<p class=\"a-spacing-base\"><span class=\"a-text-bold\">Faites le choix de l&#8217;environnement.<\/span><\/p>\n<p class=\"a-spacing-base\">Le papier HP authentique a \u00e9t\u00e9 con\u00e7u dans le respect de l&#8217;environnement, Lorsque vous utilisez du papier HP, vous encouragez la gestion responsable des for\u00eats.<\/p>\n<\/div>\n<\/div>\n<\/div>\n<div class=\"apm-hovermodule-slidecontrol\">\n<div class=\"apm-hovermodule-smallimage celwidget\" data-csa-c-id=\"jr4iq7-ac4jek-rv9kv6-389nxz\" data-cel-widget=\"aplus-module-6-hover-1\">\n<div class=\"a-section a-spacing-mini apm-hovermodule-smallimage-bg\"><img decoding=\"async\" class=\"\" src=\"https:\/\/m.media-amazon.com\/images\/S\/aplus-media\/vc\/08bfa6b6-8281-4adb-9b24-0f93bae8c931.__CR75,0,450,450_PT0_SX300_V1___.jpg\" alt=\"HP Paper\" data-src=\"https:\/\/m.media-amazon.com\/images\/S\/aplus-media\/vc\/08bfa6b6-8281-4adb-9b24-0f93bae8c931.__CR75,0,450,450_PT0_SX300_V1___.jpg\" \/><\/div>\n<p>&nbsp;<\/p>\n<\/div>\n<div class=\"apm-hovermodule-smallimage celwidget apm-hovermodule-opacitymodon\" data-csa-c-id=\"2hw97w-qu3fuw-90nzbl-77tkx\" data-cel-widget=\"aplus-module-6-hover-2\">\n<div class=\"a-section a-spacing-mini apm-hovermodule-smallimage-bg\"><img decoding=\"async\" class=\"\" src=\"https:\/\/m.media-amazon.com\/images\/S\/aplus-media\/vc\/10add3f3-172a-49ea-bd76-9e507827f6bd.__CR74,0,451,451_PT0_SX300_V1___.jpg\" alt=\"HP Printing System\" data-src=\"https:\/\/m.media-amazon.com\/images\/S\/aplus-media\/vc\/10add3f3-172a-49ea-bd76-9e507827f6bd.__CR74,0,451,451_PT0_SX300_V1___.jpg\" \/><\/div>\n<p>&nbsp;<\/p>\n<\/div>\n<div class=\"apm-hovermodule-smallimage celwidget apm-hovermodule-opacitymodon\" data-csa-c-id=\"p40j06-44qy2f-e3rzua-5hmg69\" data-cel-widget=\"aplus-module-6-hover-3\">\n<div class=\"a-section a-spacing-mini apm-hovermodule-smallimage-bg\"><img decoding=\"async\" class=\"\" src=\"https:\/\/m.media-amazon.com\/images\/S\/aplus-media\/vc\/5a6c5f46-4a40-42f1-ba33-2511dba8beba.__CR74,0,451,451_PT0_SX300_V1___.jpg\" alt=\"HP Smart App\" data-src=\"https:\/\/m.media-amazon.com\/images\/S\/aplus-media\/vc\/5a6c5f46-4a40-42f1-ba33-2511dba8beba.__CR74,0,451,451_PT0_SX300_V1___.jpg\" \/><\/div>\n<p>&nbsp;<\/p>\n<\/div>\n<div class=\"apm-hovermodule-smallimage celwidget apm-hovermodule-opacitymodon\" data-csa-c-id=\"4lc953-7o266o-v0mthn-d9whq1\" data-cel-widget=\"aplus-module-6-hover-4\">\n<div class=\"a-section a-spacing-mini apm-hovermodule-smallimage-bg\"><img decoding=\"async\" class=\"\" src=\"https:\/\/m.media-amazon.com\/images\/S\/aplus-media\/vc\/70b44654-e9ea-4cd0-af9a-2ceae742531e.__CR79,0,417,417_PT0_SX300_V1___.jpg\" alt=\"Science\" data-src=\"https:\/\/m.media-amazon.com\/images\/S\/aplus-media\/vc\/70b44654-e9ea-4cd0-af9a-2ceae742531e.__CR79,0,417,417_PT0_SX300_V1___.jpg\" \/><\/div>\n<p>&nbsp;<\/p>\n<\/div>\n<\/div>\n<\/div>\n<\/div>\n<\/div>\n<div><\/div>\n<\/div>\n<div class=\"celwidget aplus-module 3p-module-b aplus-standard\" data-csa-c-id=\"zdyf6v-9stwxp-9br8jp-5ixal9\" data-cel-widget=\"aplus-3p-module-b\">\n<div class=\"aplus-module-wrapper aplus-3p-fixed-width\">\n<p><img decoding=\"async\" class=\"a-spacing-base\" src=\"https:\/\/m.media-amazon.com\/images\/S\/aplus-media\/vc\/fcc3af7e-3377-4103-ae02-0d96c14a0be8.__CR0,0,970,600_PT0_SX970_V1___.jpg\" alt=\"JetIntellingence\" data-src=\"https:\/\/m.media-amazon.com\/images\/S\/aplus-media\/vc\/fcc3af7e-3377-4103-ae02-0d96c14a0be8.__CR0,0,970,600_PT0_SX970_V1___.jpg\" \/><\/p>\n<p class=\"a-spacing-base\">\u00b9 Pour les cartouches de toner HP authentiques, HP offre un service de recyclage gratuit et facile via HP Planet Partners. La disponibilit\u00e9 des programmes varie, pour en savoir plus, rendez-vous sur\u00a0<u>hp.com\/recycle<\/u>. Pour en savoir plus sur les mat\u00e9riaux recycl\u00e9s dans les cartouches, consultez le site\u00a0<u>www.hp.com\/go\/recycledcontent<\/u>.<\/p>\n<p class=\"a-spacing-base\">\u00b2 \u00c9tude commandit\u00e9e par HP et r\u00e9alis\u00e9e en 2018 par Four Elements Consulting comparant les toners monochromes HP 80A et 83A authentiques avec un \u00e9chantillon de cartouches remises \u00e0 neuf en mesurant huit cat\u00e9gories de facteurs ayant un impact sur l\u2019environnement. Pour plus de d\u00e9tails, voir\u00a0<u>hp.com\/go\/EMEA-LJLCA-NBC-2018<\/u>. LCA s\u2019appuie sur une \u00e9tude SpencerLab de 2016, command\u00e9e par HP, comparant les cartouches toner HP LaserJet authentiques et trois autres marques de cartouches toner NBC vendues dans la zone EMEA.<\/p>\n<p class=\"a-spacing-base\">\u00b3 \u00c9tude de fiabilit\u00e9 SpencerLab sur l\u2019impression monochrome en 2019 en Europe, au Moyen-Orient et en Afrique, r\u00e9alis\u00e9e \u00e0 la demande de HP. Consultez l\u2019\u00e9tude\u00a0<u>www.spencerlab.com\/reports\/HPReliability-EMEA-2019.pdf<\/u>.<\/p>\n<p class=\"a-spacing-base\">\u2074 2017 UL Blue Angel Indoor Air Quality compliance study, commissioned by HP. Au cours de cette \u00e9tude, il a \u00e9t\u00e9 test\u00e9 trois marques de toners reconditionn\u00e9s vendus comme compatibles avec l\u2019imprimante HP LaserJet Enterprise 500 Color M551 avec cartouches: CE400A,CE401A, C402A et CE403A. Les essais ont \u00e9t\u00e9 r\u00e9alis\u00e9s conform\u00e9ment aux m\u00e9thodes d\u00e9crites \u00e0 l\u2019annexe S-M des crit\u00e8res de distinction RAL-UZ 171 de Blue Angel.<\/p>\n<p class=\"a-spacing-base\">\u2075 Calculs de HP bas\u00e9s sur les donn\u00e9es TEC normalis\u00e9es Energy Star comparant les imprimantes monochromes de s\u00e9rie HP LaserJet 300\/400 avec la s\u00e9rie 500 lanc\u00e9es au printemps 2019, HP 58\/59\/76\/77A\/X compar\u00e9 \u00e0 HP 26A\/X et HP 89A\/X\/Y compar\u00e9 \u00e0 HP 87A\/X.<\/p>\n<\/div>\n<\/div>\n<\/div>\n<p>[\/vc_column_text][\/vc_column][\/vc_row]<\/p>\n","protected":false},"excerpt":{"rendered":"<p class=\"-fs20 -pts -pbxs\"><b>Les cartouches de toner HP 17A LaserJet garantissent une impression sans probl\u00e8me, page apr\u00e8s page. Effectuez vos impressions bureautiques sans souci gr\u00e2ce aux cartouches d&#8217;impression d&#8217;origine HP avec toner d&#8217;origine HP. En outre, vous pouvez compter sur l&#8217;engagement de HP vis-\u00e0-vis de l&#8217;environnement.<\/b><\/p>\n","protected":false},"featured_media":7356,"comment_status":"open","ping_status":"closed","template":"","meta":[],"class_list":{"0":"post-7355","1":"product","2":"type-product","3":"status-publish","4":"has-post-thumbnail","6":"product_cat-cartouches","7":"product_cat-hp","8":"product_cat-informatique","10":"first","11":"instock","12":"shipping-taxable","13":"purchasable","14":"product-type-simple"},"_links":{"self":[{"href":"https:\/\/welmat.ci\/index.php?rest_route=\/wp\/v2\/product\/7355"}],"collection":[{"href":"https:\/\/welmat.ci\/index.php?rest_route=\/wp\/v2\/product"}],"about":[{"href":"https:\/\/welmat.ci\/index.php?rest_route=\/wp\/v2\/types\/product"}],"replies":[{"embeddable":true,"href":"https:\/\/welmat.ci\/index.php?rest_route=%2Fwp%2Fv2%2Fcomments&post=7355"}],"wp:featuredmedia":[{"embeddable":true,"href":"https:\/\/welmat.ci\/index.php?rest_route=\/wp\/v2\/media\/7356"}],"wp:attachment":[{"href":"https:\/\/welmat.ci\/index.php?rest_route=%2Fwp%2Fv2%2Fmedia&parent=7355"}],"curies":[{"name":"wp","href":"https:\/\/api.w.org\/{rel}","templated":true}]}}