{"id":7357,"date":"2020-12-24T10:57:10","date_gmt":"2020-12-24T10:57:10","guid":{"rendered":"http:\/\/welmat.ci\/?post_type=product&#038;p=7357"},"modified":"2020-12-24T10:59:11","modified_gmt":"2020-12-24T10:59:11","slug":"hp-651-black","status":"publish","type":"product","link":"https:\/\/welmat.ci\/?product=hp-651-black","title":{"rendered":"HP 651 BLACK"},"content":{"rendered":"<p>[vc_row][vc_column][vc_column_text]<\/p>\n<h3 class=\"prod-feat__title\">Obtenez des r\u00e9sultats impressionnants pour vos photos, projets cr\u00e9atifs et impressions courantes, gr\u00e2ce aux encres con\u00e7ues pour r\u00e9pondre \u00e0 tous vos besoins d&#8217;impression. Imprimez des photos magnifiques et durables et du texte net et pr\u00e9cis.<\/h3>\n<p>Utilisez les cartouches d&#8217;encre HP authentiques et le papier photo HP pour imprimer des photos r\u00e9sistantes \u00e0 l&#8217;eau, aux bavures et \u00e0 la d\u00e9coloration.<\/p>\n<p>Imprimez des documents aux couleurs vives et aux textes noirs riches sur du papier ordinaire et des photos superbes sur les papiers photo HP.<\/p>\n<p>Les cartouches d&#8217;encre HP authentiques associ\u00e9es au papier photo HP offrent des couleurs r\u00e9alistes pour des photos \u00e9blouissantes.<\/p>\n<h3 class=\"prod-feat__title\">Imprimez de fa\u00e7on simple et abordable avec les cartouches d&#8217;encre authentiques HP qui peuvent \u00eatre remplac\u00e9es une par une \u00e0 mesure de vos besoins. Faites davantage d&#8217;\u00e9conomies et profitez d&#8217;un meilleur rapport qualit\u00e9\/prix : utilisez les cartouches grande capacit\u00e9 en option.<\/h3>\n<p>Imprimez jusqu&#8217;\u00e0 2,5 fois plus de pages en couleur gr\u00e2ce aux cartouches d&#8217;encre \u00e0 rendement \u00e9lev\u00e9 en option.<\/p>\n<p>Les alertes de niveau d&#8217;encre vous permettent d&#8217;identifier et d&#8217;acheter facilement les cartouches HP d&#8217;origine aupr\u00e8s de HP SureSupply.<\/p>\n<p>Chargez les cartouches sans difficult\u00e9 : couleur et support uniques pour garantir une installation ad\u00e9quate de la cartouche d&#8217;encre couleur.<\/p>\n<h3 class=\"prod-feat__title\">Imprimez en toute confiance : les cartouches d&#8217;encre HP authentiques offrent une fiabilit\u00e9 d&#8217;exception et des performances sup\u00e9rieures. En outre, HP Planet Partners facilite le recyclage de vos cartouches d&#8217;encre.<\/h3>\n<p>B\u00e9n\u00e9ficiez de performances d&#8217;impression exceptionnelles &#8211; chaque cartouche d&#8217;encre HP authentique est toute neuve.<\/p>\n<p>Recyclage facile et gratuit\u00a0: les cartouches retourn\u00e9es dans le cadre du programme HP Planet Partners sont recycl\u00e9es de mani\u00e8re responsable.[\/vc_column_text][\/vc_column][\/vc_row]<\/p>\n","protected":false},"excerpt":{"rendered":"<h1 class=\"-fs20 -pts -pbxs\">Hp Cartouche D&#8217;encre &#8211; 651<\/h1>\n","protected":false},"featured_media":7358,"comment_status":"open","ping_status":"closed","template":"","meta":[],"class_list":{"0":"post-7357","1":"product","2":"type-product","3":"status-publish","4":"has-post-thumbnail","6":"product_cat-cartouches","7":"product_cat-hp","8":"product_cat-informatique","10":"first","11":"instock","12":"shipping-taxable","13":"purchasable","14":"product-type-simple"},"_links":{"self":[{"href":"https:\/\/welmat.ci\/index.php?rest_route=\/wp\/v2\/product\/7357"}],"collection":[{"href":"https:\/\/welmat.ci\/index.php?rest_route=\/wp\/v2\/product"}],"about":[{"href":"https:\/\/welmat.ci\/index.php?rest_route=\/wp\/v2\/types\/product"}],"replies":[{"embeddable":true,"href":"https:\/\/welmat.ci\/index.php?rest_route=%2Fwp%2Fv2%2Fcomments&post=7357"}],"wp:featuredmedia":[{"embeddable":true,"href":"https:\/\/welmat.ci\/index.php?rest_route=\/wp\/v2\/media\/7358"}],"wp:attachment":[{"href":"https:\/\/welmat.ci\/index.php?rest_route=%2Fwp%2Fv2%2Fmedia&parent=7357"}],"curies":[{"name":"wp","href":"https:\/\/api.w.org\/{rel}","templated":true}]}}