{"id":7359,"date":"2020-12-24T11:00:07","date_gmt":"2020-12-24T11:00:07","guid":{"rendered":"http:\/\/welmat.ci\/?post_type=product&#038;p=7359"},"modified":"2023-03-28T20:47:37","modified_gmt":"2023-03-28T20:47:37","slug":"hp-651-color","status":"publish","type":"product","link":"https:\/\/welmat.ci\/?product=hp-651-color","title":{"rendered":"Imprimante hp officejet 8720 pro"},"content":{"rendered":"<p>[vc_row][vc_column][vc_column_text]<\/p>\n<h2>Plus rapide que jamais<\/h2>\n<h3 class=\"prod-feat__title\">Augmentez votre polyvalence avec une nouvelle gamme d&#8217;imprimantes multifonction couleur Color LaserJet Pro.\u00a0<strong>Imprimez, copiez et num\u00e9risez<\/strong>\u00a0plus rapidement que jamais.\u00a0Avec une vitesse d&#8217;impression de<strong>16 ppm<\/strong>\u00a0, vos documents seront imm\u00e9diatement disponibles.\u00a0Entrez vos exigences de copie \u00e0 l&#8217;aide des boutons situ\u00e9s sous l&#8217;\u00e9cran LCD \u00e0 7 segments.\u00a0La gamme\u00a0<a href=\"http:\/\/www.hpmarket.cz\/productOpt.asp?konfId=T6B71A\">M181fw<\/a>\u00a0sup\u00e9rieure\u00a0offre\u00a0<a href=\"http:\/\/www.hpmarket.cz\/productOpt.asp?konfId=T6B71A\">\u00e9galement le<\/a>\u00a0fax, le chargeur automatique de scanner et l&#8217;impression Wi-Fi en duplex.<br \/>\n<img decoding=\"async\" src=\"http:\/\/www.hpmarket.cz\/library\/configuration\/tiskarny\/m180n_1.JPG\" alt=\"\" \/><img decoding=\"async\" src=\"http:\/\/www.hpmarket.cz\/library\/configuration\/tiskarny\/m180n_2.JPG\" alt=\"\" \/><\/h3>\n<h2>Impressions de haute qualit\u00e9<\/h2>\n<h3 class=\"prod-feat__title\">Fiez &#8211;\u00a0<strong>couleur de haute qualit\u00e9<\/strong>\u00a0et\u00a0\u00a0<strong>plus de\u00a0pages<\/strong>\u00a0gr\u00e2ce aux cartouches de toner HP d&#8217;\u00a0origine avec lestechnologies de JetIntelligence qui prennent en\u00a0charge une\u00a0plus grande utilisation et une performance exceptionnelle de la\u00a0premi\u00e8re \u00e0 la\u00a0derni\u00e8re page.\u00a0Changez le papier moins souvent avec un bac de\u00a0<strong>150 feuilles<\/strong>\u00a0.\u00a0Imprimez via un\u00a0<strong>port USB<\/strong>\u00a0gratuit\u00a0en\u00a0<strong>PDF, JPG, Microsoft\u00ae Word ou PowerPoint<\/strong>\u00a0.<\/h3>\n<h2>Couleur blanche \u00e9l\u00e9gante<\/h2>\n<h3 class=\"prod-feat__title\">La\u00a0<strong>couleur blanche<\/strong>\u00a0\u00e9l\u00e9gante\u00a0combin\u00e9e \u00e0 l&#8217;\u00a0\u00a0<strong>abordabilit\u00e9 de<\/strong>\u00a0cette imprimante laser couleur sera appr\u00e9ci\u00e9e par\u00a0<strong>les<\/strong>\u00a0groupes de travail\u00a0de\u00a0<strong>petite ou moyenne taille<\/strong>\u00a0avec des besoins d&#8217;impression d&#8217;\u00a0<strong>environ 1500 pages \/ mois<\/strong>\u00a0.\u00a0Profitez de toutes les fonctionnalit\u00e9s disponibles, telles que l&#8217;impression via votre<strong>smartphone ou<\/strong>\u00a0votre\u00a0<strong>tablette<\/strong>\u00a0HP ePrint.<br \/>\n<img decoding=\"async\" src=\"http:\/\/www.hpmarket.cz\/library\/configuration\/tiskarny\/m180n_3.JPG\" alt=\"\" \/><\/h3>\n<h2>Multifonctionnel<\/h2>\n<h3 class=\"prod-feat__title\"><img decoding=\"async\" src=\"http:\/\/www.hpmarket.cz\/library\/configuration\/tiskarny\/180n_icon.JPG\" alt=\"image\" \/><strong>Gamme d&#8217;imprimantes<\/strong>\u00a0multifonction\u00a0<strong>HP Color LaserJet Pro<\/strong>\u00a0.Syst\u00e8me d&#8217;impressionTechnologie d&#8217;impression<a href=\"http:\/\/www.hpmarket.cz\/product.asp?ccode=tiskarny&amp;sid=LaserBarva\">Laser &#8211; couleur<\/a>Vitesse d&#8217;impression en noir et blanc (normal, A4)Jusqu&#8217;\u00e0 16 ppmVitesse d&#8217;impression couleur (Normal, A4)Jusqu&#8217;\u00e0 16 ppmQualit\u00e9 d&#8217;impression en noir et blanc (meilleur)Jusqu&#8217;\u00e0 600 x 600 pppQualit\u00e9 d&#8217;impression couleur (meilleure)Jusqu&#8217;\u00e0 600 x 600 pppOptions d&#8217;impression duplex<a href=\"http:\/\/www.hpmarket.cz\/product.asp?ccode=tiskarny&amp;sid=DuplexRuc\">Manuel (avec le soutien du conducteur)<\/a>Bacs \u00e0 papier<a href=\"http:\/\/www.hpmarket.cz\/product.asp?ccode=tiskarny&amp;sid=Zasobnik1\">1<\/a>Nombre maximum de bacs \u00e0 papier1Tailles de papier<a href=\"http:\/\/www.hpmarket.cz\/product.asp?ccode=tiskarny&amp;sid=A4\">A4, A5, A6, B5 (JIS), B6 \u200b\u200b(JIS), 10 x 15 cm OFICIO (216 x 340 mm), 16K, les enveloppes (10, B5, C5, DL, Monarch) des cartes (JIS unilat\u00e9rale et bilat\u00e9rale )<\/a>Formats de m\u00e9dias personnalis\u00e9s76 x 127 \u00e0 216 x 356 mmTypes de support pris en chargePapier (brochure, couleur, brillant, lourd, \u00e0 en-t\u00eate, lumi\u00e8re, photo, ordinaire, pr\u00e9-imprim\u00e9, recycl\u00e9, rugueux), transparents, \u00e9tiquettes, enveloppes, papier cartonn\u00e9Poids de support recommand\u00e960 \u00e0 163 g \/ m\u00a02<br \/>\navec finition brillante: 60 \u00e0 163 g \/ m\u00a02<br \/>\nPapier\u00a0glac\u00e9\u00a0HP: jusqu&#8217;\u00e0 200 g \/ m\u00a02<br \/>\nPapier glac\u00e9 HP: 220 g \/ m\u00a02<br \/>\nCarte postale: jusqu&#8217;\u00e0 175 g \/ m\u00a02Capacit\u00e9 d&#8217;entr\u00e9e maximale (feuilles)Jusqu&#8217;\u00e0 150 feuilles (hauteur du bac 15 mm) dans le bac 1Capacit\u00e9 de sortie maximale (feuilles)Jusqu&#8217;\u00e0 100 feuilles (hauteur de pile 10 mm)Pages recommand\u00e9es par mois<a href=\"http:\/\/www.hpmarket.cz\/product.asp?ccode=tiskarny&amp;sid=Mesic2500\">150 \u00e0 1500<\/a>Charge de fonctionnement (mensuel, A4)Jusqu&#8217;\u00e0 30 000 pages<\/h3>\n<p>[\/vc_column_text][\/vc_column][\/vc_row]<\/p>\n","protected":false},"excerpt":{"rendered":"<h1 class=\"-fs20 -pts -pbxs\">Imprimante hp officejet 8720 pro<\/h1>\n","protected":false},"featured_media":7361,"comment_status":"open","ping_status":"closed","template":"","meta":[],"class_list":{"0":"post-7359","1":"product","2":"type-product","3":"status-publish","4":"has-post-thumbnail","6":"product_cat-hp-imprimante","7":"product_cat-imprimante","8":"product_cat-informatique","10":"first","11":"instock","12":"shipping-taxable","13":"purchasable","14":"product-type-simple"},"_links":{"self":[{"href":"https:\/\/welmat.ci\/index.php?rest_route=\/wp\/v2\/product\/7359"}],"collection":[{"href":"https:\/\/welmat.ci\/index.php?rest_route=\/wp\/v2\/product"}],"about":[{"href":"https:\/\/welmat.ci\/index.php?rest_route=\/wp\/v2\/types\/product"}],"replies":[{"embeddable":true,"href":"https:\/\/welmat.ci\/index.php?rest_route=%2Fwp%2Fv2%2Fcomments&post=7359"}],"wp:featuredmedia":[{"embeddable":true,"href":"https:\/\/welmat.ci\/index.php?rest_route=\/wp\/v2\/media\/7361"}],"wp:attachment":[{"href":"https:\/\/welmat.ci\/index.php?rest_route=%2Fwp%2Fv2%2Fmedia&parent=7359"}],"curies":[{"name":"wp","href":"https:\/\/api.w.org\/{rel}","templated":true}]}}