{"id":7375,"date":"2020-12-28T14:45:12","date_gmt":"2020-12-28T14:45:12","guid":{"rendered":"http:\/\/welmat.ci\/?post_type=product&#038;p=7375"},"modified":"2020-12-28T14:55:29","modified_gmt":"2020-12-28T14:55:29","slug":"probook-450-g7-i5","status":"publish","type":"product","link":"https:\/\/welmat.ci\/?product=probook-450-g7-i5","title":{"rendered":"PROBOOK 450 G7 i5"},"content":{"rendered":"<p>[vc_row][vc_column][vc_column_text]Pr\u00e9sentation du produitComplet, fin \u00a4et l\u00e9ger, le HP ProBook 4530s permet aux professionnels de rester productifs au bureau et en d\u00e9placement. Un design \u00e9l\u00e9gant, une pr\u00e9cision lin\u00e9aire et une courbure subtile, ainsi que des performances Quad Core5 en option et une batterie longue dur\u00e9e rendent ce ProBook essentiel pour les professionnels d\u2019aujourd\u2019hui. Un traitement puissant R\u00e9alisez vos diverses t\u00e2ches de la journ\u00e9e avec les processeurs Intel\u00ae Core\u2122 i3\/i52 de 7e g\u00e9n\u00e9ration ou Core\u2122 i5\/i7 Quad Core\u21221de 8e g\u00e9n\u00e9ration en option et la carte graphique s\u00e9par\u00e9e INTEL INSIDE\u00ae GeForce\u00ae3 en option. Design ultra-plat \u00e9l\u00e9gant et r\u00e9sistantLe HP ProBook 4530 offre un design \u00e9l\u00e9gant \u00e0 toutes les entreprises. Un ch\u00e2ssis ultra-plat dans une nouvelle finition naturel raffin\u00e9e inclut un clavier estamp\u00e9 haut de gamme r\u00e9sistant. Con\u00e7u pour station d\u2019accueil Passez rapidement \u00e0 une productivit\u00e9 de bureau avec un c\u00e2ble unique qui prend en charge la station d\u2019accueil via USB-C\u2122 et vous permet de connecter plusieurs \u00e9crans externes3, une source d\u2019alimentation et une connexion r\u00e9seau gigabit via des stations d\u2019accueil en option3.Exp\u00e9rience immersive Profitez de conf\u00e9rences agr\u00e9ables au son clair avec le HP ProBook 4530s certifi\u00e9 Skype Entreprise\u2122 dot\u00e9 du syst\u00e8me HP Audio Boost et du logiciel de r\u00e9duction des bruits environnants HP Noise Cancellation. Sp\u00e9cifications principales Faites face \u00e0 n&#8217;importe quelle situation D\u00e9couvrez les nouvelles fonctionnalit\u00e9s de Windows 8 Pro sur le HP ProBook 4530 l\u00e9ger, ultraplat et tactile en option. Prot\u00e9gez vos donn\u00e9es avec une authentification multifacteur Renforcez votre s\u00e9curit\u00e9 \u00e0 l\u2019aide de multiples facteurs d\u2019authentification, y compris les empreintes digitales et la reconnaissance faciale. Options de stockage Obtenez le meilleur des deux mondes avec les options de stockage sur disque dur et sur SSD de HP. Batterie \u00e0 l\u2019autonomie exceptionnelle et au chargement rapide La batterie dont l\u2019autonomie vous permet de travailler au long de la journ\u00e9e et au-del\u00e0. Chargement rapide \u00e0 90 % en 90 minutes .Rester connect\u00e9 Restez connect\u00e9 gr\u00e2ce \u00e0 la technologie pilote sans fil d\u2019autor\u00e9gulation et la prise en charge de la derni\u00e8re technologie sans fil \u00e0 large bande 4G LTE. Test\u00e9 pour tenir la distance Soyez pr\u00eats avec un ProBook con\u00e7u pour passer les tests MIL-STD 810G.Supprimez les bruits parasites \u00c9liminez les bruits ambiants, y compris les clics de clavier, gr\u00e2ce \u00e0 HP Noise Cancellassions. Boostez vos haut-parleurs Am\u00e9liorez le son des haut-parleurs avec l&#8217;amplificateur HP[\/vc_column_text][vc_column_text]La technologie de pointe de ce PC permet d&#8217;obtenir un son d&#8217;une grande clart\u00e9. Des basses profondes et fluides aux sons les plus aigus, chaque voix, bruit, ou musique est plus net et de grande qualit\u00e9. Vous plongez dans un environnement r\u00e9aliste chaque fois que vous regardez un film ou une vid\u00e9o, jouez \u00e0 un jeu ou \u00e9coutez de la musique.<br \/>\nPRINCIPALES CARACT\u00c9RISTIQUES<br \/>\nType de produit : Ordinateur portable<br \/>\nMod\u00e8le : HP ProBook 450 G7<br \/>\n\u00c9cran : 15.6 Pouces<br \/>\nR\u00e9solution :<br \/>\nTechnologie d&#8217;affichage : Ecran HD LED<br \/>\nM\u00e9moire RAM : 8 Go<br \/>\nDisque dur : 1 To<br \/>\nProcesseur : Intel Core i5<br \/>\nLecteur DVD :<br \/>\nSyst\u00e8me d&#8217;exploitation : FreedOS<br \/>\nClavier : AZERTY Fran\u00e7ais<br \/>\nDimensions : 38.20 x 26.30 x 2.44 Cm<br \/>\nPoids : 2.4 Kg[\/vc_column_text][\/vc_column][\/vc_row]<\/p>\n","protected":false},"excerpt":{"rendered":"<p class=\"-fs20 -pts -pbxs\">Hp ProBook 450 &#8211; 15.6&#8243; &#8211; CORE I5 &#8211; 1To _ 4 GB RAM<\/p>\n","protected":false},"featured_media":7367,"comment_status":"open","ping_status":"closed","template":"","meta":[],"class_list":{"0":"post-7375","1":"product","2":"type-product","3":"status-publish","4":"has-post-thumbnail","6":"product_cat-informatique","7":"product_cat-ordinateurs","8":"product_cat-pc","10":"first","11":"instock","12":"shipping-taxable","13":"purchasable","14":"product-type-simple"},"_links":{"self":[{"href":"https:\/\/welmat.ci\/index.php?rest_route=\/wp\/v2\/product\/7375"}],"collection":[{"href":"https:\/\/welmat.ci\/index.php?rest_route=\/wp\/v2\/product"}],"about":[{"href":"https:\/\/welmat.ci\/index.php?rest_route=\/wp\/v2\/types\/product"}],"replies":[{"embeddable":true,"href":"https:\/\/welmat.ci\/index.php?rest_route=%2Fwp%2Fv2%2Fcomments&post=7375"}],"wp:featuredmedia":[{"embeddable":true,"href":"https:\/\/welmat.ci\/index.php?rest_route=\/wp\/v2\/media\/7367"}],"wp:attachment":[{"href":"https:\/\/welmat.ci\/index.php?rest_route=%2Fwp%2Fv2%2Fmedia&parent=7375"}],"curies":[{"name":"wp","href":"https:\/\/api.w.org\/{rel}","templated":true}]}}