{"id":7377,"date":"2020-12-28T15:11:53","date_gmt":"2020-12-28T15:11:53","guid":{"rendered":"http:\/\/welmat.ci\/?post_type=product&#038;p=7377"},"modified":"2023-03-30T16:21:34","modified_gmt":"2023-03-30T16:21:34","slug":"hp-elite-dragonfly","status":"publish","type":"product","link":"https:\/\/welmat.ci\/?product=hp-elite-dragonfly","title":{"rendered":"HP Elite Dragonfly"},"content":{"rendered":"<p>[vc_row][vc_column][vc_column_text]D&#8217;un excellent rapport qualit\u00e9\/prix, le HP Elite Dragonfly est parfait pour tous les besoins professionnels du quotidien. Gr\u00e2ce \u00e0 son processeur Intel\u00a0 de m\u00e9moire DDR4 et son SSD M.2 PCIe de 126 Go, il offre de hautes performances et un fonctionnement rapide.<\/p>\n<p><img loading=\"lazy\" decoding=\"async\" class=\"alignnone size-full wp-image-1171\" src=\"http:\/\/welmat.ci\/wp-content\/uploads\/2020\/11\/PORTABLE-PROBOOK430-copie.png\" alt=\"\" width=\"263\" height=\"192\" srcset=\"https:\/\/welmat.ci\/wp-content\/uploads\/2020\/11\/PORTABLE-PROBOOK430-copie.png 263w, https:\/\/welmat.ci\/wp-content\/uploads\/2020\/11\/PORTABLE-PROBOOK430-copie-200x146.png 200w\" sizes=\"(max-width: 263px) 100vw, 263px\" \/><\/p>\n<p>CON\u00c7U POUR LA MOBILIT\u00c9<\/p>\n<p>Le PC portable HP Elite Dragonfly est id\u00e9al pour les d\u00e9placements fr\u00e9quents. Fin et l\u00e9ger, il est facile \u00e0 transporter. Son \u00e9cran de 14 pouces est id\u00e9al pour les d\u00e9placements r\u00e9guliers. A la fois robuste et \u00e9l\u00e9gant, cet ordinateur portable HP b\u00e9n\u00e9ficie notamment d&#8217;une surface en aluminium renforc\u00e9.<\/p>\n<table class=\"a-normal a-spacing-micro\">\n<tbody>\n<tr class=\"a-spacing-small\">\n<td class=\"a-span3\"><span class=\"a-size-base a-text-bold\">Taille de l&#8217;\u00e9cran<\/span><\/td>\n<td class=\"a-span9\"><span class=\"a-size-base\">12.3 Pouces<\/span><\/td>\n<\/tr>\n<tr class=\"a-spacing-small\">\n<td class=\"a-span3\"><span class=\"a-size-base a-text-bold\">Marque<\/span><\/td>\n<td class=\"a-span9\"><span class=\"a-size-base\">Microsoft Surface<\/span><\/td>\n<\/tr>\n<tr class=\"a-spacing-small\">\n<td class=\"a-span3\"><span class=\"a-size-base a-text-bold\">s\u00e9ries<\/span><\/td>\n<td class=\"a-span9\"><span class=\"a-size-base\">Surface Pro 7 SIL I3\/4\/128<\/span><\/td>\n<\/tr>\n<tr class=\"a-spacing-small\">\n<td class=\"a-span3\"><span class=\"a-size-base a-text-bold\">Capacit\u00e9 de stockage<\/span><\/td>\n<td class=\"a-span9\"><span class=\"a-size-base\">128 Go<\/span><\/td>\n<\/tr>\n<tr class=\"a-spacing-small\">\n<td class=\"a-span3\"><span class=\"a-size-base a-text-bold\">Dimensions de l&#8217;article L x L x H<\/span><\/td>\n<td class=\"a-span9\"><span class=\"a-size-base\">20 x 29.2 centim\u00e8tres<\/span><\/td>\n<\/tr>\n<tr class=\"a-spacing-small\">\n<td class=\"a-span3\"><span class=\"a-size-base a-text-bold\">Couleur<\/span><\/td>\n<td class=\"a-span9\"><span class=\"a-size-base\">Platine<\/span><\/td>\n<\/tr>\n<tr class=\"a-spacing-small\">\n<td class=\"a-span3\"><span class=\"a-size-base a-text-bold\">Poids du produit<\/span><\/td>\n<td class=\"a-span9\"><span class=\"a-size-base\">775 Grammes<\/span><\/td>\n<\/tr>\n<tr class=\"a-spacing-small\">\n<td class=\"a-span3\"><span class=\"a-size-base a-text-bold\">Fabricant de CPU<\/span><\/td>\n<td class=\"a-span9\"><span class=\"a-size-base\">Intel<\/span><\/td>\n<\/tr>\n<tr class=\"a-spacing-small\">\n<td class=\"a-span3\"><span class=\"a-size-base a-text-bold\">Syst\u00e8me d&#8217;exploitation<\/span><\/td>\n<td class=\"a-span9\"><span class=\"a-size-base\">Windows 10 Home<\/span><\/td>\n<\/tr>\n<tr class=\"a-spacing-small\">\n<td class=\"a-span3\"><span class=\"a-size-base a-text-bold\">Description du processeur<\/span><\/td>\n<td class=\"a-span9\"><span class=\"a-size-base\">Intel Core i3<\/span><\/td>\n<\/tr>\n<\/tbody>\n<\/table>\n<p>[\/vc_column_text][\/vc_column][\/vc_row]<\/p>\n","protected":false},"excerpt":{"rendered":"<p>L&#8217;ordinateur portable HP Elite Dragonfly est id\u00e9al pour les professionnels souvent en d\u00e9placement. Ce portable HP de 12 pouces est con\u00e7u pour offrir d&#8217;excellentes performances, optimiser votre productivit\u00e9 et faciliter la mobilit\u00e9.<\/p>\n","protected":false},"featured_media":7379,"comment_status":"open","ping_status":"closed","template":"","meta":[],"class_list":{"0":"post-7377","1":"product","2":"type-product","3":"status-publish","4":"has-post-thumbnail","6":"product_cat-informatique","7":"product_cat-ordinateurs","8":"product_cat-pc","10":"first","11":"instock","12":"shipping-taxable","13":"purchasable","14":"product-type-simple"},"_links":{"self":[{"href":"https:\/\/welmat.ci\/index.php?rest_route=\/wp\/v2\/product\/7377"}],"collection":[{"href":"https:\/\/welmat.ci\/index.php?rest_route=\/wp\/v2\/product"}],"about":[{"href":"https:\/\/welmat.ci\/index.php?rest_route=\/wp\/v2\/types\/product"}],"replies":[{"embeddable":true,"href":"https:\/\/welmat.ci\/index.php?rest_route=%2Fwp%2Fv2%2Fcomments&post=7377"}],"wp:featuredmedia":[{"embeddable":true,"href":"https:\/\/welmat.ci\/index.php?rest_route=\/wp\/v2\/media\/7379"}],"wp:attachment":[{"href":"https:\/\/welmat.ci\/index.php?rest_route=%2Fwp%2Fv2%2Fmedia&parent=7377"}],"curies":[{"name":"wp","href":"https:\/\/api.w.org\/{rel}","templated":true}]}}