{"id":7401,"date":"2020-12-28T23:05:20","date_gmt":"2020-12-28T23:05:20","guid":{"rendered":"http:\/\/welmat.ci\/?post_type=product&#038;p=7401"},"modified":"2020-12-29T02:16:07","modified_gmt":"2020-12-29T02:16:07","slug":"pc-dell-optiplex-5070-core-i5","status":"publish","type":"product","link":"https:\/\/welmat.ci\/?product=pc-dell-optiplex-5070-core-i5","title":{"rendered":"PC Dell Optiplex 5070 Core i5"},"content":{"rendered":"<p>[vc_row][vc_column][vc_column_text]Dell OptiPlex 5070. Fr\u00e9quence du processeur: 3 GHz, Famille de processeur: 9th Gen Intel Core i5, Mod\u00e8le de processeur: i5-9500. M\u00e9moire interne: 8 Go, Type de m\u00e9moire interne: DDR4-SDRAM, Fr\u00e9quence de la m\u00e9moire: 2666 MHz. Capacit\u00e9 totale de stockage: 256 Go, Supports de stockage: SSD. Lecteur OPTIQUE: DVD-RW. Mod\u00e8le d&#8217;adaptateur graphique inclus: Intel UHD Graphics 630. Syst\u00e8me d&#8217;exploitation install\u00e9: Windows 10 Pro, architecture du Syst\u00e8me d&#8217;exploitation: 64-bit. Alimentation d&#8217;\u00e9nergie: 200 W. Type de chssis: SFF. Type de produit: PC processeur &lt;fr\u00e9quence du=&#8221;&#8221; processeur:=&#8221;&#8221; 3=&#8221;&#8221; ghz&lt;br=&#8221;&#8221;&gt;-famille de processeur: 9th Gen Intel Core i5<br \/>\n-Mod\u00e8le de processeur: i5-9500<br \/>\n-nombre de c\u0153urs de processeurs: 6<br \/>\n-nombre de processeurs install\u00e9s: 1<br \/>\n-fr\u00e9quence du processeur Turbo: 4, 4 ghz<br \/>\n-m\u00e9moire cache du processeur: 9 mo<br \/>\n-Type de cache de processeur: Smart cache<br \/>\n-enveloppe thermique (TDP, Thermal Design Power): 65 w<\/p>\n<p>m\u00e9moire<br \/>\n-m\u00e9moire interne: 1To<br \/>\n-Type de m\u00e9moire interne: ddr4-sdram<br \/>\n-m\u00e9moire interne maximale:<br \/>\n-configuration de la m\u00e9moire (fente x taille): 1 x 8 go<br \/>\n-emplacements m\u00e9moire: 2x dimm<br \/>\n-fr\u00e9quence de la m\u00e9moire: 2666 mhz<\/p>\n<p>lecteur OPTIQUE<br \/>\n-lecteur optique: dvd-rw<br \/>\n-optique quantit\u00e9 lecteurs: 1<\/p>\n<p>connectivit\u00e9\u00a0&lt;quantit\u00e9 de=&#8221;&#8221; ports=&#8221;&#8221; usb=&#8221;&#8221; 2.0:=&#8221;&#8221; 4&lt;br=&#8221;&#8221;&gt;-quantit\u00e9 de Ports de type A USB 3, 0 (3, 1 Gen 1): 4<br \/>\n-port DVI: non<br \/>\n-quantit\u00e9 de Ports HDMI: 1<br \/>\n-nombre de port Ethernet LAN (RJ-45): 1<br \/>\n-entr\u00e9e jack microphone: non<br \/>\n-version HDMI: 1.4<br \/>\n-quantit\u00e9 d&#8217;interface Display Ports: 1<br \/>\n-version de DisplayPort: 1.2<br \/>\n-sortie ligne: oui<br \/>\n-combo casque\/ microphone port: oui<br \/>\n-bouton marche\/arr\u00eat: oui<\/p>\n<p>poids et dimensions<br \/>\n-largeur: 92, 6 mm&gt;<br \/>\n-Profondeur: 292 mm&gt;<br \/>\n-Hauteur: 290 mm&gt;<br \/>\n-Poids: 5, 26 kg&gt;<br \/>\npuissance<br \/>\n-alimentation&lt;\/quantit\u00e9&gt;&lt;\/fr\u00e9quence&gt;<\/p>\n<p><img loading=\"lazy\" decoding=\"async\" class=\"wp-image-7407 size-medium aligncenter\" src=\"http:\/\/welmat.ci\/wp-content\/uploads\/2020\/12\/dell-pc4-154x300.jpg\" alt=\"\" width=\"154\" height=\"300\" srcset=\"https:\/\/welmat.ci\/wp-content\/uploads\/2020\/12\/dell-pc4-154x300.jpg 154w, https:\/\/welmat.ci\/wp-content\/uploads\/2020\/12\/dell-pc4.jpg 228w\" sizes=\"(max-width: 154px) 100vw, 154px\" \/><\/p>\n<table class=\"a-normal a-spacing-micro\">\n<tbody>\n<tr class=\"a-spacing-small\">\n<td class=\"a-span3\"><span class=\"a-size-base a-text-bold\">Marque<\/span><\/td>\n<td class=\"a-span9\"><span class=\"a-size-base\">Dell<\/span><\/td>\n<\/tr>\n<tr class=\"a-spacing-small\">\n<td class=\"a-span3\"><span class=\"a-size-base a-text-bold\">du mod\u00e8le de l&#8217;UC<\/span><\/td>\n<td class=\"a-span9\"><span class=\"a-size-base\">Core i3 &#8211; 9500<\/span><\/td>\n<\/tr>\n<tr class=\"a-spacing-small\">\n<td class=\"a-span3\"><span class=\"a-size-base a-text-bold\">Taille RAM<\/span><\/td>\n<td class=\"a-span9\"><\/td>\n<\/tr>\n<tr class=\"a-spacing-small\">\n<td class=\"a-span3\"><span class=\"a-size-base a-text-bold\">Taille de la RAM install\u00e9e<\/span><\/td>\n<td class=\"a-span9\"><span class=\"a-size-base\">8 Go<\/span><\/td>\n<\/tr>\n<tr class=\"a-spacing-small\">\n<td class=\"a-span3\"><span class=\"a-size-base a-text-bold\">s\u00e9ries<\/span><\/td>\n<td class=\"a-span9\"><span class=\"a-size-base\">Optiplex<\/span><\/td>\n<\/tr>\n<tr class=\"a-spacing-small\">\n<td class=\"a-span3\"><span class=\"a-size-base a-text-bold\">GPU<\/span><\/td>\n<td class=\"a-span9\"><span class=\"a-size-base\">Intel UHD Graphics 630<\/span><\/td>\n<\/tr>\n<tr class=\"a-spacing-small\">\n<td class=\"a-span3\"><span class=\"a-size-base a-text-bold\">Couleur<\/span><\/td>\n<td class=\"a-span9\"><span class=\"a-size-base\">Noir<\/span><\/td>\n<\/tr>\n<tr class=\"a-spacing-small\">\n<td class=\"a-span3\"><span class=\"a-size-base a-text-bold\">RAM graphique<\/span><\/td>\n<td class=\"a-span9\"><span class=\"a-size-base\">DDR2 SDRAM<\/span><\/td>\n<\/tr>\n<tr class=\"a-spacing-small\">\n<td class=\"a-span3\"><span class=\"a-size-base a-text-bold\">Taille de l&#8217;\u00e9cran<\/span><\/td>\n<td class=\"a-span9\"><span class=\"a-size-base\">9.3 Centim\u00e8tres<\/span><\/td>\n<\/tr>\n<tr class=\"a-spacing-small\">\n<td class=\"a-span3\"><span class=\"a-size-base a-text-bold\">Carte graphique RAM<\/span><\/td>\n<td class=\"a-span9\"><span class=\"a-size-base\">1 To SSD<\/span><\/td>\n<\/tr>\n<\/tbody>\n<\/table>\n<p>[\/vc_column_text][\/vc_column][\/vc_row]<\/p>\n","protected":false},"excerpt":{"rendered":"<p>Dell Optiplex 5070 Core i5-9500 8GB \/ 1To \/ intel UHD 630<\/p>\n","protected":false},"featured_media":7428,"comment_status":"open","ping_status":"closed","template":"","meta":[],"class_list":{"0":"post-7401","1":"product","2":"type-product","3":"status-publish","4":"has-post-thumbnail","6":"product_cat-bureau","7":"product_cat-informatique","8":"product_cat-moniteur","9":"product_cat-ordinateurs","11":"first","12":"instock","13":"shipping-taxable","14":"purchasable","15":"product-type-simple"},"_links":{"self":[{"href":"https:\/\/welmat.ci\/index.php?rest_route=\/wp\/v2\/product\/7401"}],"collection":[{"href":"https:\/\/welmat.ci\/index.php?rest_route=\/wp\/v2\/product"}],"about":[{"href":"https:\/\/welmat.ci\/index.php?rest_route=\/wp\/v2\/types\/product"}],"replies":[{"embeddable":true,"href":"https:\/\/welmat.ci\/index.php?rest_route=%2Fwp%2Fv2%2Fcomments&post=7401"}],"wp:featuredmedia":[{"embeddable":true,"href":"https:\/\/welmat.ci\/index.php?rest_route=\/wp\/v2\/media\/7428"}],"wp:attachment":[{"href":"https:\/\/welmat.ci\/index.php?rest_route=%2Fwp%2Fv2%2Fmedia&parent=7401"}],"curies":[{"name":"wp","href":"https:\/\/api.w.org\/{rel}","templated":true}]}}