{"id":885,"date":"2013-06-07T10:41:52","date_gmt":"2013-06-07T10:41:52","guid":{"rendered":"http:\/\/demo2.woothemes.com\/woocommerce\/?post_type=product&#038;p=19"},"modified":"2020-12-24T10:10:17","modified_gmt":"2020-12-24T10:10:17","slug":"premium-quality","status":"publish","type":"product","link":"https:\/\/welmat.ci\/?product=premium-quality","title":{"rendered":"CANON XL 490 MAGENTA"},"content":{"rendered":"<p>[vc_row][vc_column][vc_column_text]cartouche d&#8217;encre pour Canon PIXMA les cartouche d&#8217;encre pour imprimante Canon 446 et PG-445 contiennent une cartouche de couleur de 8 ml et une cartouche noire de 8 ml et vous fournit l\u2019ensemble complet d\u2019encres pour votre imprimante offrant commodit\u00e9 et \u00e9conomies. Gr\u00e2ce aux encres Canon, votre imprimante Canon vous offrira toujours des performances de pointe. cartouche 445 noircartouche 446 couleurscompatible : Pixma MG2440 \/ MG2540 \/ MX494 \/ IP2840 \/ ip2440[\/vc_column_text][\/vc_column][\/vc_row]<\/p>\n","protected":false},"excerpt":{"rendered":"<p>cartouche d&#8217;encre pour Canon PIXMA les cartouche d&#8217;encre pour imprimante Canon 446 et PG-445 contiennent une cartouche de couleur de 8 ml et une cartouche noire de 8 ml et vous fournit l\u2019ensemble complet d\u2019encres pour votre imprimante offrant commodit\u00e9 et \u00e9conomies. Gr\u00e2ce aux encres Canon, votre imprimante Canon vous offrira toujours des performances de pointe. cartouche 445 noircartouche 446 couleurscompatible : Pixma MG2440 \/ MG2540 \/ MX494 \/ IP2840 \/ ip2440<\/p>\n","protected":false},"featured_media":7334,"comment_status":"open","ping_status":"closed","template":"","meta":[],"class_list":{"0":"post-885","1":"product","2":"type-product","3":"status-publish","4":"has-post-thumbnail","6":"product_cat-non-classe","7":"product_cat-canon","8":"product_cat-cartouches","9":"product_cat-informatique","10":"product_tag-ideas","11":"product_tag-inventors","12":"product_tag-performance","14":"first","15":"instock","16":"shipping-taxable","17":"purchasable","18":"product-type-simple"},"_links":{"self":[{"href":"https:\/\/welmat.ci\/index.php?rest_route=\/wp\/v2\/product\/885"}],"collection":[{"href":"https:\/\/welmat.ci\/index.php?rest_route=\/wp\/v2\/product"}],"about":[{"href":"https:\/\/welmat.ci\/index.php?rest_route=\/wp\/v2\/types\/product"}],"replies":[{"embeddable":true,"href":"https:\/\/welmat.ci\/index.php?rest_route=%2Fwp%2Fv2%2Fcomments&post=885"}],"wp:featuredmedia":[{"embeddable":true,"href":"https:\/\/welmat.ci\/index.php?rest_route=\/wp\/v2\/media\/7334"}],"wp:attachment":[{"href":"https:\/\/welmat.ci\/index.php?rest_route=%2Fwp%2Fv2%2Fmedia&parent=885"}],"curies":[{"name":"wp","href":"https:\/\/api.w.org\/{rel}","templated":true}]}}